{"id":16,"date":"2022-02-10T14:31:54","date_gmt":"2022-02-10T14:31:54","guid":{"rendered":"https:\/\/norwexfoundation.org\/es-us\/?page_id=16"},"modified":"2024-03-11T15:24:22","modified_gmt":"2024-03-11T20:24:22","slug":"disaster-kits","status":"publish","type":"page","link":"https:\/\/norwexfoundation.org\/es-us\/disaster-kits\/","title":{"rendered":"Norwex Cares Disaster Relief Kits"},"content":{"rendered":"<section class=\"kit-parallax\" id=\"page-title\">\n<\/section>\n<p><!-- #page-title end --><\/p>\n<section id=\"content\" style=\"margin-top:-5rem\">\n<div class=\"container mw-1200 m-auto\">\n<div class=\"row pt-5\">\n<div class=\"col-12 pt-3 aligncenter center\">\n<h2 class=\"green-txt font-serif mt-0 mb-3\">Norwex Cares Disaster Relief Kits<\/h2>\n<\/p><\/div>\n<div class=\"col-sm-12 col-md-10 aligncenter center mw-850 px-0\">\n<p class=\"m-0\">En asociaci\u00f3n con Norwex, Norwex Foundation for a Brighter Future proporciona Cares Disaster Relief Kits a organizaciones que han experimentado un desastre o trauma como una inundaci\u00f3n, incendio o tornado. Estos paquetes incluyen productos de microfibra para ayudar en los esfuerzos de limpieza inmediatamente posteriores al desastre.<\/p>\n<p class=\"show-guidelines pseudo-btn mt-5\"><strong>VER EL CRITERIOS Y DIRECTRICES<\/strong><\/p>\n<\/p><\/div>\n<\/p><\/div>\n<div class=\"row px-4 pt-4 pb-3 mb-5 tan-bg guidelines-list\">\n<ul class=\"mb-0 ml-4\">\n<li class=\"pl-3 pb-1\">La donaci\u00f3n requerida debe hacerte por una Consultora de Norwex cuyas cuentas est\u00e9n al corriente.<\/li>\n<li class=\"pl-3 pb-1\">El receptor debe ser una organizaci\u00f3n sin fines de lucro registrada que est\u00e9 ayudando en el alivio de un desastre natural como un incendio, una inundaci\u00f3n, un tornado, etc.<\/li>\n<li class=\"pl-3 pb-1\">Todas las solicitudes deber\u00e1n verificarse por la Gerente Regional de Ventas de la Consultora.<\/li>\n<li class=\"pl-3 pb-1\">Los Kits de Norwex Cares Disaster Relief son donaciones en especie con el \u00fanico prop\u00f3sito de ayudar en el alivio de desastres naturales. Estos kits no son elegibles para la reventa.<\/li>\n<li class=\"pl-3 pb-1\">Solo se otorgar\u00e1n a las solicitudes de organizaciones que est\u00e9n trabajando activamente para brindar ayuda en un \u00e1rea afectada y que tengan la capacidad de distribuir los kits y evaluar a los receptores. No podemos cumplir con las solicitudes individuales en este momento. Si tu organizaci\u00f3n es seleccionada como receptora, se te notificar\u00e1 cuando se env\u00eden los kits de ayuda para desastres.<\/li>\n<\/ul>\n<div class=\"hide-guidelines center pt-3\"><i class=\"icon-angle-up\"><\/i><\/div>\n<\/p><\/div>\n<div class=\"row lightgray-bg mb-5 p-5\">\n<p class=\"mb-4\"><strong>Formulalrio de Solicitud <\/strong> (<span class=\"red-txt\">*Campos Requeridos<\/span>)<\/p>\n<form id=\"usorca\" style=\"margin-bottom: 0 !important;\">\n<ul style=\"margin-bottom: 5px !important;\">\n<li style=\"display: inline-block; list-style: none;margin-right: 15px;\"><input type=\"radio\" id=\"us\" name=\"usca\" value=\"US\" style=\"margin: 3px 5px 7px 0; float: left; vertical-align: middle;\"><label for=\"US\">E.U.A<\/label><\/li>\n<li style=\"display: inline-block; list-style: none;\"><input type=\"radio\" id=\"ca\" name=\"usca\" value=\"CA\" style=\"margin: 3px 5px 7px 0; float: left; vertical-align: middle;\"><label for=\"CA\">Canad\u00e1<\/label><\/li>\n<\/ul><\/form>\n<section class=\"usform\" style=\"display: none;\">\n        <div class=\"wpforms-container wpforms-container-full\" id=\"wpforms-83\"><form id=\"wpforms-form-83\" class=\"wpforms-validate wpforms-form wpforms-ajax-form\" data-formid=\"83\" method=\"post\" enctype=\"multipart\/form-data\" action=\"\/es-us\/wp-json\/wp\/v2\/pages\/16\" data-token=\"472df43f61a0d94f0a10704e32548cf9\" data-token-time=\"1775662149\"><noscript class=\"wpforms-error-noscript\">Por favor, activa JavaScript en tu navegador para completar este formulario.<\/noscript><div class=\"wpforms-field-container\"><div id=\"wpforms-83-field_0-container\" class=\"wpforms-field wpforms-field-name wpforms-one-half wpforms-first\" data-field-id=\"0\"><label class=\"wpforms-field-label\" for=\"wpforms-83-field_0\">First Name <span class=\"wpforms-required-label\">*<\/span><\/label><input type=\"text\" id=\"wpforms-83-field_0\" class=\"wpforms-field-large wpforms-field-required\" name=\"wpforms[fields][0]\" required><\/div><div id=\"wpforms-83-field_27-container\" class=\"wpforms-field wpforms-field-name wpforms-one-half\" data-field-id=\"27\"><label class=\"wpforms-field-label\" for=\"wpforms-83-field_27\">Last Name <span class=\"wpforms-required-label\">*<\/span><\/label><input type=\"text\" id=\"wpforms-83-field_27\" class=\"wpforms-field-large wpforms-field-required\" name=\"wpforms[fields][27]\" required><\/div><div id=\"wpforms-83-field_11-container\" class=\"wpforms-field wpforms-field-number consultant-id wpforms-one-half wpforms-first\" data-field-id=\"11\"><label class=\"wpforms-field-label\" for=\"wpforms-83-field_11\">Consultant ID <span class=\"wpforms-required-label\">*<\/span><\/label><input type=\"number\" id=\"wpforms-83-field_11\" class=\"wpforms-field-large wpforms-field-required\" name=\"wpforms[fields][11]\" step=\"any\" required><\/div><div id=\"wpforms-83-field_13-container\" class=\"wpforms-field wpforms-field-phone wpforms-one-half\" data-field-id=\"13\"><label class=\"wpforms-field-label\" for=\"wpforms-83-field_13\">Phone Number <span class=\"wpforms-required-label\">*<\/span><\/label><input type=\"tel\" id=\"wpforms-83-field_13\" class=\"wpforms-field-large wpforms-field-required\" data-rule-int-phone-field=\"true\" name=\"wpforms[fields][13]\" aria-label=\"Phone Number\" required><\/div><div id=\"wpforms-83-field_1-container\" class=\"wpforms-field wpforms-field-email\" data-field-id=\"1\"><label class=\"wpforms-field-label\" for=\"wpforms-83-field_1\">Email Address <span class=\"wpforms-required-label\">*<\/span><\/label><input type=\"email\" id=\"wpforms-83-field_1\" class=\"wpforms-field-large wpforms-field-required\" name=\"wpforms[fields][1]\" spellcheck=\"false\" required><\/div><div id=\"wpforms-83-field_15-container\" class=\"wpforms-field wpforms-field-name\" data-field-id=\"15\"><label class=\"wpforms-field-label\" for=\"wpforms-83-field_15\">Name of Regional Sales Manager <span class=\"wpforms-required-label\">*<\/span><\/label><input type=\"text\" id=\"wpforms-83-field_15\" class=\"wpforms-field-large wpforms-field-required\" name=\"wpforms[fields][15]\" required><\/div><div id=\"wpforms-83-field_3-container\" class=\"wpforms-field wpforms-field-text\" data-field-id=\"3\"><label class=\"wpforms-field-label\" for=\"wpforms-83-field_3\">Name of Organization <span class=\"wpforms-required-label\">*<\/span><\/label><input type=\"text\" id=\"wpforms-83-field_3\" class=\"wpforms-field-large wpforms-field-required\" name=\"wpforms[fields][3]\" required><\/div><div id=\"wpforms-83-field_16-container\" class=\"wpforms-field wpforms-field-url\" data-field-id=\"16\"><label class=\"wpforms-field-label\" for=\"wpforms-83-field_16\">Organization Website <span class=\"wpforms-required-label\">*<\/span><\/label><input type=\"url\" id=\"wpforms-83-field_16\" class=\"wpforms-field-large wpforms-field-required\" name=\"wpforms[fields][16]\" required><\/div><div id=\"wpforms-83-field_2-container\" class=\"wpforms-field wpforms-field-textarea\" data-field-id=\"2\"><label class=\"wpforms-field-label\" for=\"wpforms-83-field_2\">Briefly describe why the organization would benefit and how the kits would be distributed. <span class=\"wpforms-required-label\">*<\/span><\/label><textarea id=\"wpforms-83-field_2\" class=\"wpforms-field-large wpforms-field-required\" name=\"wpforms[fields][2]\" required><\/textarea><\/div><div id=\"wpforms-83-field_20-container\" class=\"wpforms-field wpforms-field-text wpforms-one-half wpforms-first\" data-field-id=\"20\"><label class=\"wpforms-field-label\" for=\"wpforms-83-field_20\">City of Disaster <span class=\"wpforms-required-label\">*<\/span><\/label><input type=\"text\" id=\"wpforms-83-field_20\" class=\"wpforms-field-large wpforms-field-required\" name=\"wpforms[fields][20]\" required><\/div><div id=\"wpforms-83-field_19-container\" class=\"wpforms-field wpforms-field-text wpforms-one-half\" data-field-id=\"19\"><label class=\"wpforms-field-label\" for=\"wpforms-83-field_19\">State\/Province of Disaster <span class=\"wpforms-required-label\">*<\/span><\/label><input type=\"text\" id=\"wpforms-83-field_19\" class=\"wpforms-field-large wpforms-field-required\" name=\"wpforms[fields][19]\" required><\/div><div id=\"wpforms-83-field_23-container\" class=\"wpforms-field wpforms-field-number\" data-field-id=\"23\"><label class=\"wpforms-field-label\" for=\"wpforms-83-field_23\">Number of Kits Requested <span class=\"wpforms-required-label\">*<\/span><\/label><input type=\"number\" id=\"wpforms-83-field_23\" class=\"wpforms-field-large wpforms-field-required\" name=\"wpforms[fields][23]\" step=\"any\" required><\/div><div id=\"wpforms-83-field_22-container\" class=\"wpforms-field wpforms-field-html\" data-field-id=\"22\"><div id=\"wpforms-83-field_22\"><p style=\"font-size: 13px;\"><strong>Consultant\/Recipient Shipping Address<\/strong><br \/>We ask that you deliver the kit personally to the recipient. If this is not possible, please provide a recipient shipping address.<\/p>\r\n\r\n<script type=\"text\/javascript\">\r\n  jQuery(function($){\r\n    $('.consultant-id input').attr({'min':100000, 'max':99999999}); \r\n  });\r\n<\/script><\/div><\/div><div id=\"wpforms-83-field_35-container\" class=\"wpforms-field wpforms-field-text\" data-field-id=\"35\"><label class=\"wpforms-field-label\" for=\"wpforms-83-field_35\">Street Address <span class=\"wpforms-required-label\">*<\/span><\/label><input type=\"text\" id=\"wpforms-83-field_35\" class=\"wpforms-field-large wpforms-field-required\" name=\"wpforms[fields][35]\" required><\/div><div id=\"wpforms-83-field_36-container\" class=\"wpforms-field wpforms-field-text\" data-field-id=\"36\"><label class=\"wpforms-field-label\" for=\"wpforms-83-field_36\">Apartment\/Suite<\/label><input type=\"text\" id=\"wpforms-83-field_36\" class=\"wpforms-field-large\" name=\"wpforms[fields][36]\" ><\/div><div id=\"wpforms-83-field_37-container\" class=\"wpforms-field wpforms-field-text wpforms-two-fourths wpforms-first\" data-field-id=\"37\"><label class=\"wpforms-field-label\" for=\"wpforms-83-field_37\">City <span class=\"wpforms-required-label\">*<\/span><\/label><input type=\"text\" id=\"wpforms-83-field_37\" class=\"wpforms-field-large wpforms-field-required\" name=\"wpforms[fields][37]\" required><\/div><div id=\"wpforms-83-field_38-container\" class=\"wpforms-field wpforms-field-text wpforms-one-fourth\" data-field-id=\"38\"><label class=\"wpforms-field-label\" for=\"wpforms-83-field_38\">State\/Province <span class=\"wpforms-required-label\">*<\/span><\/label><input type=\"text\" id=\"wpforms-83-field_38\" class=\"wpforms-field-large wpforms-field-required\" name=\"wpforms[fields][38]\" required><\/div><div id=\"wpforms-83-field_39-container\" class=\"wpforms-field wpforms-field-text wpforms-one-fourth\" data-field-id=\"39\"><label class=\"wpforms-field-label\" for=\"wpforms-83-field_39\">Zip\/Postal Code <span class=\"wpforms-required-label\">*<\/span><\/label><input type=\"text\" id=\"wpforms-83-field_39\" class=\"wpforms-field-large wpforms-field-required\" name=\"wpforms[fields][39]\" required><\/div><\/div><!-- .wpforms-field-container --><div class=\"wpforms-recaptcha-container wpforms-is-recaptcha wpforms-is-recaptcha-type-v2\" ><div class=\"g-recaptcha\" data-sitekey=\"6LcRIKseAAAAANTBNbVNH10Iy18QD8319Bi4DPry\"><\/div><input type=\"text\" name=\"g-recaptcha-hidden\" class=\"wpforms-recaptcha-hidden\" style=\"position:absolute!important;clip:rect(0,0,0,0)!important;height:1px!important;width:1px!important;border:0!important;overflow:hidden!important;padding:0!important;margin:0!important;\" data-rule-recaptcha=\"1\"><\/div><div class=\"wpforms-submit-container\" ><input type=\"hidden\" name=\"wpforms[id]\" value=\"83\"><input type=\"hidden\" name=\"page_title\" value=\"\"><input type=\"hidden\" name=\"page_url\" value=\"https:\/\/norwexfoundation.org\/es-us\/wp-json\/wp\/v2\/pages\/16\"><input type=\"hidden\" name=\"url_referer\" value=\"\"><button type=\"submit\" name=\"wpforms[submit]\" id=\"wpforms-submit-83\" class=\"wpforms-submit\" data-alt-text=\"Sending...\" data-submit-text=\"Submit\" aria-live=\"assertive\" value=\"wpforms-submit\">Submit<\/button><img loading=\"lazy\" decoding=\"async\" src=\"https:\/\/norwexfoundation.org\/es-us\/wp-content\/plugins\/wpforms\/assets\/images\/submit-spin.svg\" class=\"wpforms-submit-spinner\" style=\"display: none;\" width=\"26\" height=\"26\" alt=\"Cargando\"><\/div><\/form><\/div>  <!-- .wpforms-container --><br \/>\n      <\/section>\n<section class=\"caform\" style=\"display: none;\">\n        <div class=\"wpforms-container wpforms-container-full\" id=\"wpforms-84\"><form id=\"wpforms-form-84\" class=\"wpforms-validate wpforms-form wpforms-ajax-form\" data-formid=\"84\" method=\"post\" enctype=\"multipart\/form-data\" action=\"\/es-us\/wp-json\/wp\/v2\/pages\/16\" data-token=\"03b23b5db34e1895fc36f9d079fa134f\" data-token-time=\"1775662149\"><noscript class=\"wpforms-error-noscript\">Por favor, activa JavaScript en tu navegador para completar este formulario.<\/noscript><div class=\"wpforms-field-container\"><div id=\"wpforms-84-field_0-container\" class=\"wpforms-field wpforms-field-name wpforms-one-half wpforms-first\" data-field-id=\"0\"><label class=\"wpforms-field-label\" for=\"wpforms-84-field_0\">First Name <span class=\"wpforms-required-label\">*<\/span><\/label><input type=\"text\" id=\"wpforms-84-field_0\" class=\"wpforms-field-large wpforms-field-required\" name=\"wpforms[fields][0]\" required><\/div><div id=\"wpforms-84-field_27-container\" class=\"wpforms-field wpforms-field-name wpforms-one-half\" data-field-id=\"27\"><label class=\"wpforms-field-label\" for=\"wpforms-84-field_27\">Last Name <span class=\"wpforms-required-label\">*<\/span><\/label><input type=\"text\" id=\"wpforms-84-field_27\" class=\"wpforms-field-large wpforms-field-required\" name=\"wpforms[fields][27]\" required><\/div><div id=\"wpforms-84-field_11-container\" class=\"wpforms-field wpforms-field-number consultant-id wpforms-one-half wpforms-first\" data-field-id=\"11\"><label class=\"wpforms-field-label\" for=\"wpforms-84-field_11\">Consultant ID <span class=\"wpforms-required-label\">*<\/span><\/label><input type=\"number\" id=\"wpforms-84-field_11\" class=\"wpforms-field-large wpforms-field-required\" name=\"wpforms[fields][11]\" step=\"any\" required><\/div><div id=\"wpforms-84-field_13-container\" class=\"wpforms-field wpforms-field-phone wpforms-one-half\" data-field-id=\"13\"><label class=\"wpforms-field-label\" for=\"wpforms-84-field_13\">Phone Number <span class=\"wpforms-required-label\">*<\/span><\/label><input type=\"tel\" id=\"wpforms-84-field_13\" class=\"wpforms-field-large wpforms-field-required\" data-rule-int-phone-field=\"true\" name=\"wpforms[fields][13]\" aria-label=\"Phone Number\" required><\/div><div id=\"wpforms-84-field_1-container\" class=\"wpforms-field wpforms-field-email\" data-field-id=\"1\"><label class=\"wpforms-field-label\" for=\"wpforms-84-field_1\">Email Address <span class=\"wpforms-required-label\">*<\/span><\/label><input type=\"email\" id=\"wpforms-84-field_1\" class=\"wpforms-field-large wpforms-field-required\" name=\"wpforms[fields][1]\" spellcheck=\"false\" required><\/div><div id=\"wpforms-84-field_15-container\" class=\"wpforms-field wpforms-field-name\" data-field-id=\"15\"><label class=\"wpforms-field-label\" for=\"wpforms-84-field_15\">Name of Regional Sales Manager <span class=\"wpforms-required-label\">*<\/span><\/label><input type=\"text\" id=\"wpforms-84-field_15\" class=\"wpforms-field-large wpforms-field-required\" name=\"wpforms[fields][15]\" required><\/div><div id=\"wpforms-84-field_3-container\" class=\"wpforms-field wpforms-field-text\" data-field-id=\"3\"><label class=\"wpforms-field-label\" for=\"wpforms-84-field_3\">Name of Organization <span class=\"wpforms-required-label\">*<\/span><\/label><input type=\"text\" id=\"wpforms-84-field_3\" class=\"wpforms-field-large wpforms-field-required\" name=\"wpforms[fields][3]\" required><\/div><div id=\"wpforms-84-field_16-container\" class=\"wpforms-field wpforms-field-url\" data-field-id=\"16\"><label class=\"wpforms-field-label\" for=\"wpforms-84-field_16\">Organization Website <span class=\"wpforms-required-label\">*<\/span><\/label><input type=\"url\" id=\"wpforms-84-field_16\" class=\"wpforms-field-large wpforms-field-required\" name=\"wpforms[fields][16]\" required><\/div><div id=\"wpforms-84-field_2-container\" class=\"wpforms-field wpforms-field-textarea\" data-field-id=\"2\"><label class=\"wpforms-field-label\" for=\"wpforms-84-field_2\">Briefly describe why the organization would benefit and how the kits would be distributed. <span class=\"wpforms-required-label\">*<\/span><\/label><textarea id=\"wpforms-84-field_2\" class=\"wpforms-field-large wpforms-field-required\" name=\"wpforms[fields][2]\" required><\/textarea><\/div><div id=\"wpforms-84-field_20-container\" class=\"wpforms-field wpforms-field-text\" data-field-id=\"20\"><label class=\"wpforms-field-label\" for=\"wpforms-84-field_20\">City of Disaster <span class=\"wpforms-required-label\">*<\/span><\/label><input type=\"text\" id=\"wpforms-84-field_20\" class=\"wpforms-field-large wpforms-field-required\" name=\"wpforms[fields][20]\" required><\/div><div id=\"wpforms-84-field_19-container\" class=\"wpforms-field wpforms-field-text\" data-field-id=\"19\"><label class=\"wpforms-field-label\" for=\"wpforms-84-field_19\">State\/Province of Disaster <span class=\"wpforms-required-label\">*<\/span><\/label><input type=\"text\" id=\"wpforms-84-field_19\" class=\"wpforms-field-large wpforms-field-required\" name=\"wpforms[fields][19]\" required><\/div><div id=\"wpforms-84-field_23-container\" class=\"wpforms-field wpforms-field-number inline-num\" data-field-id=\"23\"><label class=\"wpforms-field-label\" for=\"wpforms-84-field_23\">Number of Kits Requested <span class=\"wpforms-required-label\">*<\/span><\/label><input type=\"number\" id=\"wpforms-84-field_23\" class=\"wpforms-field-large wpforms-field-required\" name=\"wpforms[fields][23]\" step=\"any\" required><\/div><div id=\"wpforms-84-field_22-container\" class=\"wpforms-field wpforms-field-html\" data-field-id=\"22\"><div id=\"wpforms-84-field_22\"><p style=\"font-size: 13px;\"><strong>Consultant\/Recipient Shipping Address<\/strong><br \/>We ask that you deliver the kit personally to the recipient. If this is not possible, please provide a recipient shipping address.<\/p>\r\n\r\n<script type=\"text\/javascript\">\r\n  jQuery(function($){\r\n    $('.consultant-id input').attr({'min':100000, 'max':99999999}); \r\n  });\r\n<\/script>\r\n<\/div><\/div><div id=\"wpforms-84-field_28-container\" class=\"wpforms-field wpforms-field-text\" data-field-id=\"28\"><label class=\"wpforms-field-label\" for=\"wpforms-84-field_28\">Street Address <span class=\"wpforms-required-label\">*<\/span><\/label><input type=\"text\" id=\"wpforms-84-field_28\" class=\"wpforms-field-large wpforms-field-required\" name=\"wpforms[fields][28]\" required><\/div><div id=\"wpforms-84-field_29-container\" class=\"wpforms-field wpforms-field-text\" data-field-id=\"29\"><label class=\"wpforms-field-label\" for=\"wpforms-84-field_29\">Apartment\/Suite<\/label><input type=\"text\" id=\"wpforms-84-field_29\" class=\"wpforms-field-large\" name=\"wpforms[fields][29]\" ><\/div><div id=\"wpforms-84-field_30-container\" class=\"wpforms-field wpforms-field-text wpforms-two-fourths wpforms-first\" data-field-id=\"30\"><label class=\"wpforms-field-label\" for=\"wpforms-84-field_30\">City <span class=\"wpforms-required-label\">*<\/span><\/label><input type=\"text\" id=\"wpforms-84-field_30\" class=\"wpforms-field-large wpforms-field-required\" name=\"wpforms[fields][30]\" required><\/div><div id=\"wpforms-84-field_31-container\" class=\"wpforms-field wpforms-field-text wpforms-one-fourth\" data-field-id=\"31\"><label class=\"wpforms-field-label\" for=\"wpforms-84-field_31\">State\/Province <span class=\"wpforms-required-label\">*<\/span><\/label><input type=\"text\" id=\"wpforms-84-field_31\" class=\"wpforms-field-large wpforms-field-required\" name=\"wpforms[fields][31]\" required><\/div><div id=\"wpforms-84-field_32-container\" class=\"wpforms-field wpforms-field-text wpforms-one-fourth\" data-field-id=\"32\"><label class=\"wpforms-field-label\" for=\"wpforms-84-field_32\">Zip\/Postal Code <span class=\"wpforms-required-label\">*<\/span><\/label><input type=\"text\" id=\"wpforms-84-field_32\" class=\"wpforms-field-large wpforms-field-required\" name=\"wpforms[fields][32]\" required><\/div><\/div><!-- .wpforms-field-container --><div class=\"wpforms-recaptcha-container wpforms-is-recaptcha wpforms-is-recaptcha-type-v2\" ><div class=\"g-recaptcha\" data-sitekey=\"6LcRIKseAAAAANTBNbVNH10Iy18QD8319Bi4DPry\"><\/div><input type=\"text\" name=\"g-recaptcha-hidden\" class=\"wpforms-recaptcha-hidden\" style=\"position:absolute!important;clip:rect(0,0,0,0)!important;height:1px!important;width:1px!important;border:0!important;overflow:hidden!important;padding:0!important;margin:0!important;\" data-rule-recaptcha=\"1\"><\/div><div class=\"wpforms-submit-container\" ><input type=\"hidden\" name=\"wpforms[id]\" value=\"84\"><input type=\"hidden\" name=\"page_title\" value=\"\"><input type=\"hidden\" name=\"page_url\" value=\"https:\/\/norwexfoundation.org\/es-us\/wp-json\/wp\/v2\/pages\/16\"><input type=\"hidden\" name=\"url_referer\" value=\"\"><button type=\"submit\" name=\"wpforms[submit]\" id=\"wpforms-submit-84\" class=\"wpforms-submit\" data-alt-text=\"Sending...\" data-submit-text=\"Submit\" aria-live=\"assertive\" value=\"wpforms-submit\">Submit<\/button><img loading=\"lazy\" decoding=\"async\" src=\"https:\/\/norwexfoundation.org\/es-us\/wp-content\/plugins\/wpforms\/assets\/images\/submit-spin.svg\" class=\"wpforms-submit-spinner\" style=\"display: none;\" width=\"26\" height=\"26\" alt=\"Cargando\"><\/div><\/form><\/div>  <!-- .wpforms-container --><br \/>\n      <\/section>\n<\/p><\/div>\n<\/p><\/div>\n<\/section>\n","protected":false},"excerpt":{"rendered":"<p>Norwex Cares Disaster Relief Kits En asociaci\u00f3n con Norwex, Norwex Foundation for a Brighter Future proporciona Cares Disaster Relief Kits a organizaciones que han experimentado un desastre o trauma como una inundaci\u00f3n, incendio o tornado. Estos paquetes incluyen productos de microfibra para ayudar en los esfuerzos de limpieza inmediatamente posteriores al desastre. VER EL CRITERIOS &hellip; <\/p>\n<p class=\"link-more\"><a href=\"https:\/\/norwexfoundation.org\/es-us\/disaster-kits\/\" class=\"more-link\">Continuar leyendo<span class=\"screen-reader-text\"> &#8220;Norwex Cares Disaster Relief Kits&#8221;<\/span><\/a><\/p>\n","protected":false},"author":3,"featured_media":0,"parent":0,"menu_order":0,"comment_status":"closed","ping_status":"closed","template":"","meta":{"footnotes":""},"class_list":["post-16","page","type-page","status-publish","hentry"],"_links":{"self":[{"href":"https:\/\/norwexfoundation.org\/es-us\/wp-json\/wp\/v2\/pages\/16","targetHints":{"allow":["GET"]}}],"collection":[{"href":"https:\/\/norwexfoundation.org\/es-us\/wp-json\/wp\/v2\/pages"}],"about":[{"href":"https:\/\/norwexfoundation.org\/es-us\/wp-json\/wp\/v2\/types\/page"}],"author":[{"embeddable":true,"href":"https:\/\/norwexfoundation.org\/es-us\/wp-json\/wp\/v2\/users\/3"}],"replies":[{"embeddable":true,"href":"https:\/\/norwexfoundation.org\/es-us\/wp-json\/wp\/v2\/comments?post=16"}],"version-history":[{"count":7,"href":"https:\/\/norwexfoundation.org\/es-us\/wp-json\/wp\/v2\/pages\/16\/revisions"}],"predecessor-version":[{"id":140,"href":"https:\/\/norwexfoundation.org\/es-us\/wp-json\/wp\/v2\/pages\/16\/revisions\/140"}],"wp:attachment":[{"href":"https:\/\/norwexfoundation.org\/es-us\/wp-json\/wp\/v2\/media?parent=16"}],"curies":[{"name":"wp","href":"https:\/\/api.w.org\/{rel}","templated":true}]}}