{"id":18,"date":"2022-02-10T14:32:29","date_gmt":"2022-02-10T14:32:29","guid":{"rendered":"https:\/\/norwexfoundation.org\/es-us\/?page_id=18"},"modified":"2022-04-08T15:41:29","modified_gmt":"2022-04-08T20:41:29","slug":"parties-with-a-purpose","status":"publish","type":"page","link":"https:\/\/norwexfoundation.org\/es-us\/parties-with-a-purpose\/","title":{"rendered":"Parties with a Purpose"},"content":{"rendered":"<section class=\"parties-parallax\" id=\"page-title\">\n<\/section>\n<p><!-- #page-title end --><\/p>\n<section id=\"content\" style=\"margin-top:-5rem\">\n<div class=\"container px-0 mx-0\">\n<div class=\"row pt-5 p-3\">\n<div class=\"col-12 pt-3 aligncenter center\">\n<h1 class=\"green-txt font-serif mt-0 mb-3\">demostraciones por una buena causa<\/h1>\n<\/p><\/div>\n<div class=\"col-sm-12 col-md-10 aligncenter center mw-850 px-0\">\n<p class=\"m-0 subheadp\">Las Consultoras de Norwex saben como realizar Demostraciones, siempre brindan la mejor experiencia a sus Anfitrionas, invitados y Clientes.<\/p>\n<\/p><\/div>\n<\/p><\/div>\n<\/p><\/div>\n<div class=\"container px-0 m-auto mw-1200\">\n<div class=\"row center mw-1200 aligncenter image-list\">\n<div class=\"col-xs-6 col-sm-4 mb-4\">\n<div class=\"iportfolio\">\n<div class=\"portfolio-image\">\n            <img decoding=\"async\" src=\"\/wp-content\/uploads\/2021\/12\/Parties-Feeding-North-America.jpg\" alt=\"Feeding North America\" width=\"100%\" height=\"auto\"  data-target=\"#myModal\" data-toggle=\"modal\" data-desc=\"En noviembre de 2021, Norwex Foundation don\u00f3 $10 por cada Nueva Consultora que se uni\u00f3 a Norwex, para un total de $50,000 para ayudar a alimentar a Am\u00e9rica del Norte\" data-url=\"\" data-url-title=\"\" class=\"img-link-sm\" \/>\n          <\/div>\n<div class=\"portfolio-title py-4\">Feeding North America<\/div>\n<div class=\"portfolio-desc white-txt green-bg\">\n            <strong>Feeding North America<\/strong> En noviembre de 2021, Norwex Foundation don\u00f3 $10 por cada Nueva Consultora que se uni\u00f3 a Norwex, para un total de $50,000 para ayudar a alimentar a Am\u00e9rica del Norte\n          <\/div>\n<\/p><\/div>\n<\/p><\/div>\n<div class=\"col-xs-6 col-sm-4 mb-4\">\n<div class=\"iportfolio\">\n<div class=\"portfolio-image\">\n            <img decoding=\"async\" src=\"\/wp-content\/uploads\/2021\/12\/Parties-Cancer-Hope-Network-1.jpg\" alt=\"Cancer Hope Network\" data-target=\"#myModal\" data-toggle=\"modal\" data-desc=\"En octubre de 2021, Norwex Foundation don\u00f3 $1 por cada Demostraci\u00f3n, para un total de $50,000 para ayudar a crear conciencia sobre los factores de riesgo del c\u00e1ncer de seno. Cancer Hope Network brinda apoyo confidencial personalizado y gratuito a todas las personas (pacientes, familiares o amigos) afectadas por todos los tipos de c\u00e1ncer, a lo largo de todo el proceso desde el diagn\u00f3stico hasta la supervivencia.\" data-url=\"\" data-url-title=\"\" class=\"img-link-sm\" \/>\n          <\/div>\n<div class=\"portfolio-title py-4\">Cancer Hope Network<\/div>\n<div class=\"portfolio-desc white-txt green-bg\">\n            <strong>Cancer Hope Network<\/strong> En octubre de 2021, Norwex Foundation don\u00f3 $1 por cada Demostraci\u00f3n, para un total de $50,000 para ayudar a crear conciencia sobre los factores de riesgo del c\u00e1ncer de seno. Cancer Hope Network brinda apoyo confidencial personalizado y gratuito a todas las personas (pacientes, familiares o amigos) afectadas por todos los tipos de c\u00e1ncer, a lo largo de todo el proceso desde el diagn\u00f3stico hasta la supervivencia.\n          <\/div>\n<\/p><\/div>\n<\/p><\/div>\n<div class=\"col-xs-6 col-sm-4 mb-4\">\n<div class=\"iportfolio\">\n<div class=\"portfolio-image\">\n            <img decoding=\"async\" src=\"\/wp-content\/uploads\/2021\/12\/Parties-Bridge-Breast-Network.jpg\" alt=\"The Bridge Breast Network\" data-target=\"#myModal\" data-toggle=\"modal\" data-desc=\"En octubre de 2021, Norwex Foundation don\u00f3 $1 por cada Demostraci\u00f3n, para un total de $50,000 para ayudar a aumentar la concientizaci\u00f3n acerca de los factores de riesgo de c\u00e1ncer de seno. The Bridge Breast Network ayuda a los pancientes que carecen de los recursos y la cobertura de seguro para la detecci\u00f3n y los tratamientos de c\u00e1ncer de seno que salvan vidas.\" data-url=\"\" data-url-title=\"\" class=\"img-link-sm\" \/>\n          <\/div>\n<div class=\"portfolio-title py-4\">The Bridge Breast Network<\/div>\n<div class=\"portfolio-desc white-txt green-bg\">\n            <strong>The Bridge Breast Network<\/strong> En octubre de 2021, Norwex Foundation don\u00f3 $1 por cada Demostraci\u00f3n, para un total de $50,000 para ayudar a aumentar la concientizaci\u00f3n acerca de los factores de riesgo de c\u00e1ncer de seno. The Bridge Breast Network ayuda a los pancientes que carecen de los recursos y la cobertura de seguro para la detecci\u00f3n y los tratamientos de c\u00e1ncer de seno que salvan vidas.\n          <\/div>\n<\/p><\/div>\n<\/p><\/div>\n<div class=\"col-xs-6 col-sm-4 mb-4\">\n<div class=\"iportfolio\">\n<div class=\"portfolio-image\">\n            <img decoding=\"async\" src=\"\/wp-content\/uploads\/2021\/12\/Parties-Breast-Cancer-Foundation.jpg\" alt=\"Breast Cancer Research Foundation\" data-target=\"#myModal\" data-toggle=\"modal\" data-desc=\"En octubre de 2021, Norwex Foundation don\u00f3 $1 por cada Demostraci\u00f3n para un total de $50,000 para ayudar a crear conciencia sobre los factores de riesgo del c\u00e1ncer de seno. Breast Cancer Research Foundation es una organizaci\u00f3n sin fines de lucro comprometida con la prevenci\u00f3n y curaci\u00f3n del c\u00e1ncer de seno a trav\u00e9s del avance de la investigaci\u00f3n.\" data-url=\"\" data-url-title=\"\" class=\"img-link-sm\" \/>\n          <\/div>\n<div class=\"portfolio-title py-4\">Breast Cancer Research Foundation<\/div>\n<div class=\"portfolio-desc white-txt green-bg\">\n            <strong>Breast Cancer Research Foundation<\/strong> En octubre de 2021, Norwex Foundation don\u00f3 $1 por cada Demostraci\u00f3n para un total de $50,000 para ayudar a crear conciencia sobre los factores de riesgo del c\u00e1ncer de seno. Breast Cancer Research Foundation es una organizaci\u00f3n sin fines de lucro comprometida con la prevenci\u00f3n y curaci\u00f3n del c\u00e1ncer de seno a trav\u00e9s del avance de la investigaci\u00f3n.\n          <\/div>\n<\/p><\/div>\n<\/p><\/div>\n<div class=\"col-xs-6 col-sm-4 mb-4\">\n<div class=\"iportfolio\">\n<div class=\"portfolio-image\">\n            <img decoding=\"async\" src=\"\/wp-content\/uploads\/2021\/12\/Parties-Breast-Canver-Society-of-CDN.jpg\" alt=\"Breast Cancer Society of Canada\" data-target=\"#myModal\" data-toggle=\"modal\" data-desc=\"En octubre del 2021, Norwex Foundation don\u00f3 $1 por cada Demostraci\u00f3n, para un total de $50,000 para ayudar a aumentar la concientizaci\u00f3n acerca del los factores de riespo del c\u00e1ncer de seno. Breast Cancer Society of Canada recauda dinero para financiar la investigaci\u00f3n centrada en el paciente para el diagn\u00f3stico, tratamiento y prevenci\u00f3n del c\u00e1ncer de seno.\" data-url=\"\" data-url-title=\"\" class=\"img-link-sm\" \/>\n          <\/div>\n<div class=\"portfolio-title py-4\">Breast Cancer Society of Canada<\/div>\n<div class=\"portfolio-desc white-txt green-bg\">\n            <strong>Breast Cancer Society of Canada<\/strong> En octubre del 2021, Norwex Foundation don\u00f3 $1 por cada Demostraci\u00f3n, para un total de $50,000 para ayudar a aumentar la concientizaci\u00f3n acerca del los factores de riespo del c\u00e1ncer de seno. Breast Cancer Society of Canada recauda dinero para financiar la investigaci\u00f3n centrada en el paciente para el diagn\u00f3stico, tratamiento y prevenci\u00f3n del c\u00e1ncer de seno.\n          <\/div>\n<\/p><\/div>\n<\/p><\/div>\n<\/p><\/div>\n<\/p><\/div>\n<\/section>\n","protected":false},"excerpt":{"rendered":"<p>demostraciones por una buena causa Las Consultoras de Norwex saben como realizar Demostraciones, siempre brindan la mejor experiencia a sus Anfitrionas, invitados y Clientes. Feeding North America Feeding North America En noviembre de 2021, Norwex Foundation don\u00f3 $10 por cada Nueva Consultora que se uni\u00f3 a Norwex, para un total de $50,000 para ayudar a &hellip; <\/p>\n<p class=\"link-more\"><a href=\"https:\/\/norwexfoundation.org\/es-us\/parties-with-a-purpose\/\" class=\"more-link\">Continuar leyendo<span class=\"screen-reader-text\"> &#8220;Parties with a Purpose&#8221;<\/span><\/a><\/p>\n","protected":false},"author":3,"featured_media":0,"parent":0,"menu_order":0,"comment_status":"closed","ping_status":"closed","template":"","meta":{"footnotes":""},"class_list":["post-18","page","type-page","status-publish","hentry"],"_links":{"self":[{"href":"https:\/\/norwexfoundation.org\/es-us\/wp-json\/wp\/v2\/pages\/18","targetHints":{"allow":["GET"]}}],"collection":[{"href":"https:\/\/norwexfoundation.org\/es-us\/wp-json\/wp\/v2\/pages"}],"about":[{"href":"https:\/\/norwexfoundation.org\/es-us\/wp-json\/wp\/v2\/types\/page"}],"author":[{"embeddable":true,"href":"https:\/\/norwexfoundation.org\/es-us\/wp-json\/wp\/v2\/users\/3"}],"replies":[{"embeddable":true,"href":"https:\/\/norwexfoundation.org\/es-us\/wp-json\/wp\/v2\/comments?post=18"}],"version-history":[{"count":5,"href":"https:\/\/norwexfoundation.org\/es-us\/wp-json\/wp\/v2\/pages\/18\/revisions"}],"predecessor-version":[{"id":52,"href":"https:\/\/norwexfoundation.org\/es-us\/wp-json\/wp\/v2\/pages\/18\/revisions\/52"}],"wp:attachment":[{"href":"https:\/\/norwexfoundation.org\/es-us\/wp-json\/wp\/v2\/media?parent=18"}],"curies":[{"name":"wp","href":"https:\/\/api.w.org\/{rel}","templated":true}]}}