{"id":20,"date":"2022-02-10T14:33:28","date_gmt":"2022-02-10T14:33:28","guid":{"rendered":"https:\/\/norwexfoundation.org\/es-us\/?page_id=20"},"modified":"2024-03-11T13:11:45","modified_gmt":"2024-03-11T18:11:45","slug":"product-contributions","status":"publish","type":"page","link":"https:\/\/norwexfoundation.org\/es-us\/product-contributions\/","title":{"rendered":"Product Contributions"},"content":{"rendered":"<section class=\"product-parallax\" id=\"page-title\">\n<\/section>\n<p><!-- #page-title end --><\/p>\n<section id=\"content\" style=\"margin-top:-5rem\" class=\"desktop\">\n<div class=\"row pt-5 p-3\">\n<div class=\"col-12 pt-3 aligncenter center\">\n<h1 class=\"green-txt font-serif mt-0 mb-3\">contribuciones de productos<\/h1>\n<div class=\"col-sm-12 col-md-10 aligncenter center mw-850 px-0\">\n<p class=\"m-0 subheadp\">Ya sea ayudando a los afectados por un desastre natural o la pandemia mundial, cuando Norwex Fundation ve una necesidad, tratamos de satisfacerla. Ent\u00e9rate  c\u00f3mo las donaciones de nuestros productos est\u00e1n haciendo m\u00e1s que solo reducir los qu\u00edmicos da\u00f1inos.\n      <\/div>\n<\/p><\/div>\n<\/p><\/div>\n<div class=\"container px-0 m-auto mw-1200\">\n<div class=\"row center mw-1200 aligncenter image-list\">\n<div class=\"col-xs-6 col-sm-4 mb-4\">\n<div class=\"iportfolio\">\n<div class=\"portfolio-image\">\n            <img decoding=\"async\" src=\"\/wp-content\/uploads\/2021\/12\/Contributions-Disaster-kits.jpg\" alt=\"Norwex Cares Disaster Relief Kits\" data-target=\"#myModal\" data-toggle=\"modal\" data-desc=\"En asociaci\u00f3n con Norwex, Norwex Foundation for a Brighter Future proporciona kits para desastres a organizaciones que han experimentado un desastre o trauma como inundaciones, incendios o tornados. Estos paquetes incluyen productos de microfibra para ayudar en los esfuerzos de limpieza inmediatos posteriores al desastre.\" data-url=\"https:\/\/norwexfoundation.org\/es-us\/disaster-kit\" data-url-title=\"SOLICITA UN KIT PARA DESASTRES\" class=\"img-link-sm\" \/>\n          <\/div>\n<div class=\"portfolio-title py-4\">Norwex Cares Disaster Relief Kits<\/div>\n<div class=\"portfolio-desc white-txt green-bg\">\n            <strong>Norwex Cares Disaster Relief Kits<\/strong> En asociaci\u00f3n con Norwex, Norwex Foundation for a Brighter Future proporciona kits para desastres a organizaciones que han experimentado un desastre o trauma como inundaciones, incendios o tornados. Estos paquetes incluyen productos de microfibra para ayudar en los esfuerzos de limpieza inmediatos posteriores al desastre.<br \/>\n            <a href=\"https:\/\/norwexfoundation.org\/es-us\/disaster-kit\">SOLICITA UN KIT PARA DESASTRES<\/a>\n          <\/div>\n<\/p><\/div>\n<\/p><\/div>\n<div class=\"col-xs-6 col-sm-4 mb-4\">\n<div class=\"iportfolio\">\n<div class=\"portfolio-image\">\n            <img decoding=\"async\" src=\"\/wp-content\/uploads\/2021\/12\/Contributions-Good360-Norwex-Masks.jpg\" alt=\"Good360 Norwex Masks\" data-target=\"#myModal\" data-toggle=\"modal\" data-desc=\"Por medio de Good360, Norwex ha proporcionado m\u00e1s de 100,000 M\u00e1scaras Reutilizables Norwex con BacLock\u00ae a quienes las necesitan m\u00e1s.\" data-url=\"\" data-url-title=\"\" class=\"img-link-sm\" \/>\n          <\/div>\n<div class=\"portfolio-title py-4\">Good360 Norwex Masks<\/div>\n<div class=\"portfolio-desc white-txt green-bg\">\n            <strong>Good360 Norwex Masks<\/strong> Por medio de Good360, Norwex ha proporcionado m\u00e1s de 100,000 M\u00e1scaras Reutilizables Norwex con BacLock\u00ae a quienes las necesitan m\u00e1s.\n          <\/div>\n<\/p><\/div>\n<\/p><\/div>\n<div class=\"col-xs-6 col-sm-4 mb-4\">\n<div class=\"iportfolio\">\n<div class=\"portfolio-image\">\n            <img decoding=\"async\" src=\"\/wp-content\/uploads\/2021\/12\/Contributions-Good360-Toddler-Bibs.jpg\" alt=\"Good360 Norwex Toddler Bibs\" data-target=\"#myModal\" data-toggle=\"modal\" data-desc=\"Toddler Bibs Por medio de Good360, Norwex ha proporcionado m\u00e1s de 44,000 baberos Norwex Toddle Bibs a las familias.\" data-url=\"\" data-url-title=\"\" class=\"img-link-sm\" \/>\n          <\/div>\n<div class=\"portfolio-title py-4\">Good360 Norwex Toddler Bibs<\/div>\n<div class=\"portfolio-desc white-txt green-bg\">\n            <strong>Good360 Norwex Toddler Bibs<\/strong> Toddler Bibs Por medio de Good360, Norwex ha proporcionado m\u00e1s de 44,000 baberos Norwex Toddle Bibs a las familias.\n          <\/div>\n<\/p><\/div>\n<\/p><\/div>\n<div class=\"col-xs-6 col-sm-4 mb-4\">\n<div class=\"iportfolio\">\n<div class=\"portfolio-image\">\n            <img decoding=\"async\" src=\"\/wp-content\/uploads\/2021\/12\/Contributions-Million-Masks.jpg\" alt=\"Un mill\u00f3n de m\u00e1scaras fueron distribuidas a las \u00e1reas m\u00e1s afectadas en Am\u00e9rica del Norte por grupos sin fines de lucro como DonatePPE.org. \" data-url=\"https:\/\/www.youtube.com\/watch?v=iNgZmoza5kc\" data-url-title=\"VER EL VIDEO Y ENT\u00c9RATE DE M\u00c1S\" class=\"img-link-sm\" \/>\n          <\/div>\n<div class=\"portfolio-title py-4\">A Million Masks.<br \/>A Million Thank Yous.<\/div>\n<div class=\"portfolio-desc white-txt green-bg\">\n            <strong>A Million Masks.<br \/>A Million Thank Yous.<\/strong> Un mill\u00f3n de m\u00e1scaras fueron distribuidas a las \u00e1reas m\u00e1s afectadas en Am\u00e9rica del Norte por grupos sin fines de lucro como DonatePPE.org.<br \/>\n            <a href=\"https:\/\/www.youtube.com\/watch?v=iNgZmoza5kc\" target=\"_blank\" rel=\"noopener nofollow\">VER EL VIDEO Y ENT\u00c9RATE DE M\u00c1S<\/a>\n          <\/div>\n<\/p><\/div>\n<\/p><\/div>\n<div class=\"col-xs-6 col-sm-4 mb-4\">\n<div class=\"iportfolio\">\n<div class=\"portfolio-image\">\n            <img decoding=\"async\" src=\"\/wp-content\/uploads\/2021\/12\/Contributions-Norwex-foundation.jpg\" alt=\"The Norwex Foundation for a Brighter Future\" data-target=\"#myModal\" data-toggle=\"modal\" data-desc=\"Desde enero de 2018 hasta agosto de 2020, las ganancias de las ventas de productos como Kids EnviroCloth\u00ae, Kids Window Cloth, Kids Dusting Mitt y Baby Bibs beneficiaron programas de beneficiencia apoyados por nuestra Fundaci\u00f3n.\" data-url=\"\" data-url-title=\"\" class=\"img-link-sm\"  \/>\n          <\/div>\n<div class=\"portfolio-title py-4\">The Norwex Foundation for a Brighter Future<\/div>\n<div class=\"portfolio-desc white-txt green-bg\">\n            <strong>The Norwex Foundation for a Brighter Future<\/strong> Desde enero de 2018 hasta agosto de 2020, las ganancias de las ventas de productos como Kids EnviroCloth\u00ae, Kids Window Cloth, Kids Dusting Mitt y Baby Bibs beneficiaron programas de beneficiencia apoyados por nuestra Fundaci\u00f3n.\n          <\/div>\n<\/p><\/div>\n<\/p><\/div>\n<div class=\"col-xs-6 col-sm-4 mb-4\">\n<div class=\"iportfolio\">\n<div class=\"portfolio-image\">\n            <img decoding=\"async\" src=\"\/wp-content\/uploads\/2021\/12\/Contributions-Austism-Research.jpg\" alt=\"Organization for Autism Research\" data-target=\"#myModal\" data-toggle=\"modal\" data-desc=\"Una oferta especial para el Mes de la Aceptaci\u00f3n del Autismo durante abril de 2021 gener\u00f3 una donaci\u00f3n de $23,438 para la Organization for Autism Research.\" data-url=\"\" data-url-title=\"\" class=\"img-link-sm\" \/>\n          <\/div>\n<div class=\"portfolio-title py-4\">Organization for Autism Research<\/div>\n<div class=\"portfolio-desc white-txt green-bg\">\n            <strong>Organization for Autism Research<\/strong> Una oferta especial para el Mes de la Aceptaci\u00f3n del Autismo durante abril de 2021 gener\u00f3 una donaci\u00f3n de $23,438 para la Organization for Autism Research.\n          <\/div>\n<\/p><\/div>\n<\/p><\/div>\n<\/p><\/div>\n<\/p><\/div>\n<\/section>\n","protected":false},"excerpt":{"rendered":"<p>contribuciones de productos Ya sea ayudando a los afectados por un desastre natural o la pandemia mundial, cuando Norwex Fundation ve una necesidad, tratamos de satisfacerla. Ent\u00e9rate c\u00f3mo las donaciones de nuestros productos est\u00e1n haciendo m\u00e1s que solo reducir los qu\u00edmicos da\u00f1inos. Norwex Cares Disaster Relief Kits Norwex Cares Disaster Relief Kits En asociaci\u00f3n con &hellip; <\/p>\n<p class=\"link-more\"><a href=\"https:\/\/norwexfoundation.org\/es-us\/product-contributions\/\" class=\"more-link\">Continuar leyendo<span class=\"screen-reader-text\"> &#8220;Product Contributions&#8221;<\/span><\/a><\/p>\n","protected":false},"author":3,"featured_media":0,"parent":0,"menu_order":0,"comment_status":"closed","ping_status":"closed","template":"","meta":{"footnotes":""},"class_list":["post-20","page","type-page","status-publish","hentry"],"_links":{"self":[{"href":"https:\/\/norwexfoundation.org\/es-us\/wp-json\/wp\/v2\/pages\/20","targetHints":{"allow":["GET"]}}],"collection":[{"href":"https:\/\/norwexfoundation.org\/es-us\/wp-json\/wp\/v2\/pages"}],"about":[{"href":"https:\/\/norwexfoundation.org\/es-us\/wp-json\/wp\/v2\/types\/page"}],"author":[{"embeddable":true,"href":"https:\/\/norwexfoundation.org\/es-us\/wp-json\/wp\/v2\/users\/3"}],"replies":[{"embeddable":true,"href":"https:\/\/norwexfoundation.org\/es-us\/wp-json\/wp\/v2\/comments?post=20"}],"version-history":[{"count":7,"href":"https:\/\/norwexfoundation.org\/es-us\/wp-json\/wp\/v2\/pages\/20\/revisions"}],"predecessor-version":[{"id":138,"href":"https:\/\/norwexfoundation.org\/es-us\/wp-json\/wp\/v2\/pages\/20\/revisions\/138"}],"wp:attachment":[{"href":"https:\/\/norwexfoundation.org\/es-us\/wp-json\/wp\/v2\/media?parent=20"}],"curies":[{"name":"wp","href":"https:\/\/api.w.org\/{rel}","templated":true}]}}