{"id":14,"date":"2022-02-10T09:32:51","date_gmt":"2022-02-10T15:32:51","guid":{"rendered":"https:\/\/norwexfoundation.org\/fr-ca\/?page_id=14"},"modified":"2022-05-18T14:11:15","modified_gmt":"2022-05-18T19:11:15","slug":"parties-with-a-purpose","status":"publish","type":"page","link":"https:\/\/norwexfoundation.org\/fr-ca\/parties-with-a-purpose\/","title":{"rendered":"Parties with a Purpose"},"content":{"rendered":"<section class=\"parties-parallax\" id=\"page-title\">\n<\/section>\n<p><!-- #page-title end --><\/p>\n<section id=\"content\" style=\"margin-top:-5rem\">\n<div class=\"container px-0 mx-0\">\n<div class=\"row pt-5 p-3\">\n<div class=\"col-12 pt-3 aligncenter center\">\n<h1 class=\"green-txt font-serif mt-0 mb-3\">pr\u00e9senter pour une cause<\/h1>\n<\/p><\/div>\n<div class=\"col-sm-12 col-md-10 aligncenter center mw-850 px-0\">\n<p class=\"m-0 subheadp\">Les Conseill\u00e8res (ers) Norwex savent comment pr\u00e9senter, en offrant toujours la meilleure exp\u00e9rience \u00e0 leurs h\u00f4tesses (h\u00f4tes), invit\u00e9s et clients. Mais d\u00e9couvrez quelques-unes des fa\u00e7ons dont leurs pr\u00e9sentations et leurs efforts en d\u00e9veloppement d\u2019\u00e9quipe ont aussi aid\u00e9 \u00e0 r\u00e9pondre aux besoins d\u2019innombrables autres personnes, qui ont fait face \u00e0 des d\u00e9fis tels que le cancer et l\u2019ins\u00e9curit\u00e9 alimentaire.<\/p>\n<\/p><\/div>\n<\/p><\/div>\n<\/p><\/div>\n<div class=\"container px-0 m-auto mw-1200\">\n<div class=\"row center mw-1200 aligncenter image-list\">\n<div class=\"col-xs-6 col-sm-4 mb-4\">\n<div class=\"iportfolio\">\n<div class=\"portfolio-image\">\n            <img decoding=\"async\" src=\"\/wp-content\/uploads\/2021\/12\/Parties-Feeding-North-America.jpg\" alt=\"Feeding North America\" width=\"100%\" height=\"auto\"  data-target=\"#myModal\" data-toggle=\"modal\" data-desc=\"Nourrir l\u2019Am\u00e9rique du Nord\" data-url=\"\" data-url-title=\"\" class=\"img-link-sm\" \/>\n          <\/div>\n<div class=\"portfolio-title py-4\">Nourrir l\u2019Am\u00e9rique du Nord<\/div>\n<div class=\"portfolio-desc white-txt green-bg\">\n            <strong>Nourrir l\u2019Am\u00e9rique du Nord<\/strong> En novembre 2021, la Fondation Norwex a remis 10 $ pour chaque nouvelle Conseill\u00e8re (er) s\u2019\u00e9tant jointe \u00e0 Norwex, pour un total de 50 000 $ qui ont aid\u00e9 \u00e0 nourrir l\u2019Am\u00e9rique du Nord.\n          <\/div>\n<\/p><\/div>\n<\/p><\/div>\n<div class=\"col-xs-6 col-sm-4 mb-4\">\n<div class=\"iportfolio\">\n<div class=\"portfolio-image\">\n            <img decoding=\"async\" src=\"\/wp-content\/uploads\/2021\/12\/Parties-Cancer-Hope-Network-1.jpg\" alt=\"Cancer Hope Network\" data-target=\"#myModal\" data-toggle=\"modal\" data-desc=\"En octobre 2021, la Fondation Norwex a remis 1 $ pour chaque pr\u00e9sentation soumise, pour un total de 50 000 $ destin\u00e9s \u00e0 aider \u00e0 sensibiliser les gens sur les facteurs de risque du cancer du sein. \n\nCancer Hope Network offre du soutien confidentiel et individuel \u00e0 toutes les personnes (patients, membres de la famille ou amis) touch\u00e9es par tous les types de cancer, depuis le diagnostic, jusqu\u2019\u00e0 la survie.\" data-url=\"\" data-url-title=\"\" class=\"img-link-sm\" \/>\n          <\/div>\n<div class=\"portfolio-title py-4\">Cancer Hope Network<\/div>\n<div class=\"portfolio-desc white-txt green-bg\">\n            <strong>Cancer Hope Network<\/strong> En octobre 2021, la Fondation Norwex a remis 1 $ pour chaque pr\u00e9sentation soumise, pour un total de 50 000 $ destin\u00e9s \u00e0 aider \u00e0 sensibiliser les gens sur les facteurs de risque du cancer du sein. Cancer Hope Network offre du soutien confidentiel et individuel \u00e0 toutes les personnes (patients, membres de la famille ou amis) touch\u00e9es par tous les types de cancer, depuis le diagnostic, jusqu\u2019\u00e0 la survie.<\/p><\/div>\n<\/p><\/div>\n<\/p><\/div>\n<div class=\"col-xs-6 col-sm-4 mb-4\">\n<div class=\"iportfolio\">\n<div class=\"portfolio-image\">\n            <img decoding=\"async\" src=\"\/wp-content\/uploads\/2021\/12\/Parties-Bridge-Breast-Network.jpg\" alt=\"The Bridge Breast Network\" data-target=\"#myModal\" data-toggle=\"modal\" data-desc=\"En octobre 2021, la Fondation Norwex a remis 1 $ pour chaque pr\u00e9sentation soumise, pour un total de 50 000 $ destin\u00e9s \u00e0 aider \u00e0 sensibiliser les gens sur les facteurs de risque du cancer du sein. Bridge Breast Network aide les patientes touch\u00e9es par le cancer du sein qui n\u2019ont pas de ressources et d\u2019assurances pour couvrir les traitements et examens m\u00e9dicaux qui pourraient sauver leur vie.\n\" data-url=\"\" data-url-title=\"\" class=\"img-link-sm\" \/>\n          <\/div>\n<div class=\"portfolio-title py-4\">The Bridge Breast Network<\/div>\n<div class=\"portfolio-desc white-txt green-bg\">\n            <strong>The Bridge Breast Network<\/strong> En octobre 2021, la Fondation Norwex a remis 1 $ pour chaque pr\u00e9sentation soumise, pour un total de 50 000 $ destin\u00e9s \u00e0 aider \u00e0 sensibiliser les gens sur les facteurs de risque du cancer du sein. Bridge Breast Network aide les patientes touch\u00e9es par le cancer du sein qui n\u2019ont pas de ressources et d\u2019assurances pour couvrir les traitements et examens m\u00e9dicaux qui pourraient sauver leur vie.\n          <\/div>\n<\/p><\/div>\n<\/p><\/div>\n<div class=\"col-xs-6 col-sm-4 mb-4\">\n<div class=\"iportfolio\">\n<div class=\"portfolio-image\">\n            <img decoding=\"async\" src=\"\/wp-content\/uploads\/2021\/12\/Parties-Breast-Cancer-Foundation.jpg\" alt=\"Breast Cancer Research Foundation\" data-target=\"#myModal\" data-toggle=\"modal\" data-desc=\"En octobre 2021, la Fondation Norwex a remis 1 $ pour chaque pr\u00e9sentation soumise, pour un total de 50 000 $ destin\u00e9s \u00e0 aider \u00e0 sensibiliser les gens sur les facteurs de risque du cancer du sein. La Breast Cancer Research Foundation est un organisme \u00e0 but non lucratif d\u00e9vou\u00e9 \u00e0 pr\u00e9venir et soigner le cancer du sein en faisant avancer la recherche.\n\" data-url=\"\" data-url-title=\"\" class=\"img-link-sm\" \/>\n          <\/div>\n<div class=\"portfolio-title py-4\">Breast Cancer Research Foundation<\/div>\n<div class=\"portfolio-desc white-txt green-bg\">\n            <strong>Breast Cancer Research Foundation<\/strong> En octobre 2021, la Fondation Norwex a remis 1 $ pour chaque pr\u00e9sentation soumise, pour un total de 50 000 $ destin\u00e9s \u00e0 aider \u00e0 sensibiliser les gens sur les facteurs de risque du cancer du sein. La Breast Cancer Research Foundation est un organisme \u00e0 but non lucratif d\u00e9vou\u00e9 \u00e0 pr\u00e9venir et soigner le cancer du sein en faisant avancer la recherche.<\/p><\/div>\n<\/p><\/div>\n<\/p><\/div>\n<div class=\"col-xs-6 col-sm-4 mb-4\">\n<div class=\"iportfolio\">\n<div class=\"portfolio-image\">\n            <img decoding=\"async\" src=\"\/wp-content\/uploads\/2021\/12\/Parties-Breast-Canver-Society-of-CDN.jpg\" alt=\"Breast Cancer Society of Canada\" data-target=\"#myModal\" data-toggle=\"modal\" data-desc=\"En octobre 2021, la Fondation Norwex a remis 1 $ pour chaque pr\u00e9sentation soumise, pour un total de 50 000 $ destin\u00e9s \u00e0 aider \u00e0 sensibiliser les gens sur les facteurs de risque du cancer du sein. La Soci\u00e9t\u00e9 du cancer du sein du Canada collecte des fonds pour financer la recherche focalis\u00e9e sur les patientes, concernant les diagnostics, les traitements et la pr\u00e9vention du cancer du sein.\n\" data-url=\"\" data-url-title=\"\" class=\"img-link-sm\" \/>\n          <\/div>\n<div class=\"portfolio-title py-4\">Soci\u00e9t\u00e9 du cancer du sein du Canada<\/div>\n<div class=\"portfolio-desc white-txt green-bg\">\n            <strong>Soci\u00e9t\u00e9 du cancer du sein du Canada<\/strong> En octobre 2021, la Fondation Norwex a remis 1 $ pour chaque pr\u00e9sentation soumise, pour un total de 50 000 $ destin\u00e9s \u00e0 aider \u00e0 sensibiliser les gens sur les facteurs de risque du cancer du sein. La Soci\u00e9t\u00e9 du cancer du sein du Canada collecte des fonds pour financer la recherche focalis\u00e9e sur les patientes, concernant les diagnostics, les traitements et la pr\u00e9vention du cancer du sein.\n          <\/div>\n<\/p><\/div>\n<\/p><\/div>\n<\/p><\/div>\n<\/p><\/div>\n<\/section>\n","protected":false},"excerpt":{"rendered":"<p>pr\u00e9senter pour une cause Les Conseill\u00e8res (ers) Norwex savent comment pr\u00e9senter, en offrant toujours la meilleure exp\u00e9rience \u00e0 leurs h\u00f4tesses (h\u00f4tes), invit\u00e9s et clients. Mais d\u00e9couvrez quelques-unes des fa\u00e7ons dont leurs pr\u00e9sentations et leurs efforts en d\u00e9veloppement d\u2019\u00e9quipe ont aussi aid\u00e9 \u00e0 r\u00e9pondre aux besoins d\u2019innombrables autres personnes, qui ont fait face \u00e0 des d\u00e9fis &hellip; <\/p>\n<p class=\"link-more\"><a href=\"https:\/\/norwexfoundation.org\/fr-ca\/parties-with-a-purpose\/\" class=\"more-link\">Continuer la lecture<span class=\"screen-reader-text\"> de &laquo; Parties with a Purpose &raquo;<\/span><\/a><\/p>\n","protected":false},"author":3,"featured_media":0,"parent":0,"menu_order":0,"comment_status":"closed","ping_status":"closed","template":"","meta":{"footnotes":""},"class_list":["post-14","page","type-page","status-publish","hentry"],"_links":{"self":[{"href":"https:\/\/norwexfoundation.org\/fr-ca\/wp-json\/wp\/v2\/pages\/14","targetHints":{"allow":["GET"]}}],"collection":[{"href":"https:\/\/norwexfoundation.org\/fr-ca\/wp-json\/wp\/v2\/pages"}],"about":[{"href":"https:\/\/norwexfoundation.org\/fr-ca\/wp-json\/wp\/v2\/types\/page"}],"author":[{"embeddable":true,"href":"https:\/\/norwexfoundation.org\/fr-ca\/wp-json\/wp\/v2\/users\/3"}],"replies":[{"embeddable":true,"href":"https:\/\/norwexfoundation.org\/fr-ca\/wp-json\/wp\/v2\/comments?post=14"}],"version-history":[{"count":6,"href":"https:\/\/norwexfoundation.org\/fr-ca\/wp-json\/wp\/v2\/pages\/14\/revisions"}],"predecessor-version":[{"id":40,"href":"https:\/\/norwexfoundation.org\/fr-ca\/wp-json\/wp\/v2\/pages\/14\/revisions\/40"}],"wp:attachment":[{"href":"https:\/\/norwexfoundation.org\/fr-ca\/wp-json\/wp\/v2\/media?parent=14"}],"curies":[{"name":"wp","href":"https:\/\/api.w.org\/{rel}","templated":true}]}}