{"id":16,"date":"2022-02-10T09:33:47","date_gmt":"2022-02-10T15:33:47","guid":{"rendered":"https:\/\/norwexfoundation.org\/fr-ca\/?page_id=16"},"modified":"2024-03-11T13:14:25","modified_gmt":"2024-03-11T18:14:25","slug":"product-contributions","status":"publish","type":"page","link":"https:\/\/norwexfoundation.org\/fr-ca\/product-contributions\/","title":{"rendered":"Product Contributions"},"content":{"rendered":"<section class=\"product-parallax\" id=\"page-title\">\n<\/section>\n<p><!-- #page-title end --><\/p>\n<section id=\"content\" style=\"margin-top:-5rem\" class=\"desktop\">\n<div class=\"row pt-5 p-3\">\n<div class=\"col-12 pt-3 aligncenter center\">\n<h1 class=\"green-txt font-serif mt-0 mb-3\">contribuer par les produits <\/h1>\n<div class=\"col-sm-12 col-md-10 aligncenter center mw-850 px-0\">\n<p class=\"m-0 subheadp\">Qu\u2019il s\u2019agisse d\u2019aider les personnes touch\u00e9es par des d\u00e9sastres naturels ou la pand\u00e9mie mondiale, lorsque la Fondation Norwex constate un besoin, nous tentons d\u2019y r\u00e9pondre. D\u00e9couvrez comment les dons de nos produits font plus que de simplement r\u00e9duire les produits chimiques nocifs.\n<\/div>\n<\/div>\n<\/div>\n<div class=\"container px-0 m-auto mw-1200\">\n<div class=\"row center mw-1200 aligncenter image-list\">\n<div class=\"col-xs-6 col-sm-4 mb-4\">\n<div class=\"iportfolio\">\n<div class=\"portfolio-image\">\n<img decoding=\"async\" src=\"\/wp-content\/uploads\/2021\/12\/Contributions-Disaster-kits.jpg\" alt=\"Norwex Cares Disaster Relief Kits\" data-target=\"#myModal\" data-toggle=\"modal\" data-desc=\"En partenariat avec Norwex, la Norwex Foundation for a Brighter Future fournit des Trousses d\u2019aide humanitaire aux organismes ayant v\u00e9cu des d\u00e9sastres ou traumatismes comme les inondations, les incendies ou les tornades. Ces trousses comprennent des produits en microfibre pour aider aux efforts de nettoyage suivant imm\u00e9diatement un d\u00e9sastre.\" data-url=\"https:\/\/norwexfoundation.org\/fr-ca\/disaster-kit\" data-url-title=\"DEMANDER UNE TROUSSE POUR L\u2019AIDE HUMANITAIRE\" class=\"img-link-sm\" \/>\n<\/div>\n<div class=\"portfolio-title py-4\">Les Trousses de soins Norwex pour l\u2019aide humanitaire<\/div>\n<div class=\"portfolio-desc white-txt green-bg\">\n<strong>Les Trousses de soins Norwex pour l\u2019aide humanitaire<\/strong> En partenariat avec Norwex, la Norwex Foundation for a Brighter Future fournit des Trousses d\u2019aide humanitaire aux organismes ayant v\u00e9cu des d\u00e9sastres ou traumatismes comme les inondations, les incendies ou les tornades. Ces trousses comprennent des produits en microfibre pour aider aux efforts de nettoyage suivant imm\u00e9diatement un d\u00e9sastre.<br \/>\n<a href=\"https:\/\/norwexfoundation.org\/fr-ca\/disaster-kit\">DEMANDER UNE TROUSSE POUR L\u2019AIDE HUMANITAIRE<\/a>\n<\/div>\n<\/div>\n<\/div>\n<div class=\"col-xs-6 col-sm-4 mb-4\">\n<div class=\"iportfolio\">\n<div class=\"portfolio-image\">\n<img decoding=\"async\" src=\"\/wp-content\/uploads\/2021\/12\/Contributions-Good360-Norwex-Masks.jpg\" alt=\"Good360 Norwex Masks\" data-target=\"#myModal\" data-toggle=\"modal\" data-desc=\"\u00c0 travers Good360, Norwex a fourni plus de 100 000 Masques faciaux r\u00e9utilisables Norwex avec BacLock\u00ae aux personnes qui en avaient le plus besoin. \" data-url=\"\" data-url-title=\"\" class=\"img-link-sm\" \/>\n<\/div>\n<div class=\"portfolio-title py-4\">Masques Norwex Good360<\/div>\n<div class=\"portfolio-desc white-txt green-bg\">\n<strong>Masques Norwex Good360<\/strong> \u00c0 travers Good360, Norwex a fourni plus de 100 000 Masques faciaux r\u00e9utilisables Norwex avec BacLock\u00ae aux personnes qui en avaient le plus besoin.\n<\/div>\n<\/div>\n<\/div>\n<div class=\"col-xs-6 col-sm-4 mb-4\">\n<div class=\"iportfolio\">\n<div class=\"portfolio-image\">\n<img decoding=\"async\" src=\"\/wp-content\/uploads\/2021\/12\/Contributions-Good360-Toddler-Bibs.jpg\" alt=\"Good360 Norwex Toddler Bibs\" data-target=\"#myModal\" data-toggle=\"modal\" data-desc=\"\u00c0 travers Good360, Norwex a fourni plus de 44 000 Bavettes Norwex pour enfants \u00e0 des familles.\" data-url=\"\" data-url-title=\"\" class=\"img-link-sm\" \/>\n<\/div>\n<div class=\"portfolio-title py-4\">Bavettes Norwex Good360<\/div>\n<div class=\"portfolio-desc white-txt green-bg\">\n<strong>Bavettes Norwex Good360<\/strong> T\u00c0 travers Good360, Norwex a fourni plus de 44 000 Bavettes Norwex pour enfants \u00e0 des familles.\n<\/div>\n<\/div>\n<\/div>\n<div class=\"col-xs-6 col-sm-4 mb-4\">\n<div class=\"iportfolio\">\n<div class=\"portfolio-image\">\n<img decoding=\"async\" src=\"\/wp-content\/uploads\/2021\/12\/Contributions-Million-Masks.jpg\" alt=\"Un million de masques. Un million de mercis \" data-target=\"#myModal\" data-toggle=\"modal\" data-desc=\"Un million de masques ont \u00e9t\u00e9 distribu\u00e9s aux zones les plus touch\u00e9es de l\u2019Am\u00e9rique du Nord, \u00e0 travers des groupes \u00e0 but non lucratif comme DonatePPE.org.\" data-url=\"https:\/\/www.youtube.com\/watch?v=iNgZmoza5kc\" data-url-title=\"REGARDER LA VID\u00c9O POUR EN SAVOIR PLUS\" class=\"img-link-sm\" \/>\n<\/div>\n<div class=\"portfolio-title py-4\">Un million de masques.<br \/>Un million de mercis <\/div>\n<div class=\"portfolio-desc white-txt green-bg\">\n<strong>Un million de masques.<br \/>Un million de mercis<\/strong> Un million de masques ont \u00e9t\u00e9 distribu\u00e9s aux zones les plus touch\u00e9es de l\u2019Am\u00e9rique du Nord, \u00e0 travers des groupes \u00e0 but non lucratif comme DonatePPE.org.<br \/>\n<a href=\"https:\/\/www.youtube.com\/watch?v=iNgZmoza5kc\" target=\"_blank\" rel=\"noopener nofollow\">REGARDER LA VID\u00c9O POUR EN SAVOIR PLUS<\/a>\n<\/div>\n<\/div>\n<\/div>\n<div class=\"col-xs-6 col-sm-4 mb-4\">\n<div class=\"iportfolio\">\n<div class=\"portfolio-image\">\n<img decoding=\"async\" src=\"\/wp-content\/uploads\/2021\/12\/Contributions-Norwex-foundation.jpg\" alt=\"The Norwex Foundation for a Brighter Future\" data-target=\"#myModal\" data-toggle=\"modal\" data-desc=\"De janvier 2018 \u00e0 ao\u00fbt 2020, les recettes des ventes des produits comme notre EnviroCloth\u00ae (Linge Enviro) pour enfants, Linge \u00e0 fen\u00eatre pour enfants, Mitaine pour \u00e9pousseter pour enfants et Bavettes pour enfants, ont profit\u00e9 \u00e0 des programmes caritatifs soutenus par notre Fondation. \" data-url=\"\" data-url-title=\"\" class=\"img-link-sm\"  \/>\n<\/div>\n<div class=\"portfolio-title py-4\">The Norwex Foundation for a Brighter Future<\/div>\n<div class=\"portfolio-desc white-txt green-bg\">\n<strong>The Norwex Foundation for a Brighter Future<\/strong> De janvier 2018 \u00e0 ao\u00fbt 2020, les recettes des ventes des produits comme notre EnviroCloth\u00ae (Linge Enviro) pour enfants, Linge \u00e0 fen\u00eatre pour enfants, Mitaine pour \u00e9pousseter pour enfants et Bavettes pour enfants, ont profit\u00e9 \u00e0 des programmes caritatifs soutenus par notre Fondation.\n<\/div>\n<\/div>\n<\/div>\n<div class=\"col-xs-6 col-sm-4 mb-4\">\n<div class=\"iportfolio\">\n<div class=\"portfolio-image\">\n<img decoding=\"async\" src=\"\/wp-content\/uploads\/2021\/12\/Contributions-Austism-Research.jpg\" alt=\"Organization for Autism Research\" data-target=\"#myModal\" data-toggle=\"modal\" data-desc=\"Une vente \u00e9clair sp\u00e9ciale pour le Mois de sensibilisation \u00e0 l\u2019autisme en avril 2021 a g\u00e9n\u00e9r\u00e9 un don de 23 428 $ pour l\u2019Organisation pour la recherche sur l\u2019autisme. \" data-url=\"\" data-url-title=\"\" class=\"img-link-sm\" \/>\n<\/div>\n<div class=\"portfolio-title py-4\">Organisation pour la recherche sur l\u2019autisme<\/div>\n<div class=\"portfolio-desc white-txt green-bg\">\n<strong>Organisation pour la recherche sur l\u2019autisme<\/strong> Une vente \u00e9clair sp\u00e9ciale pour le Mois de sensibilisation \u00e0 l\u2019autisme en avril 2021 a g\u00e9n\u00e9r\u00e9 un don de 23 428 $ pour l\u2019Organisation pour la recherche sur l\u2019autisme.\n<\/div>\n<\/div>\n<\/div>\n<\/div>\n<\/div>\n<\/section>\n","protected":false},"excerpt":{"rendered":"<p>contribuer par les produits Qu\u2019il s\u2019agisse d\u2019aider les personnes touch\u00e9es par des d\u00e9sastres naturels ou la pand\u00e9mie mondiale, lorsque la Fondation Norwex constate un besoin, nous tentons d\u2019y r\u00e9pondre. D\u00e9couvrez comment les dons de nos produits font plus que de simplement r\u00e9duire les produits chimiques nocifs. Les Trousses de soins Norwex pour l\u2019aide humanitaire Les &hellip; <\/p>\n<p class=\"link-more\"><a href=\"https:\/\/norwexfoundation.org\/fr-ca\/product-contributions\/\" class=\"more-link\">Continuer la lecture<span class=\"screen-reader-text\"> de &laquo; Product Contributions &raquo;<\/span><\/a><\/p>\n","protected":false},"author":3,"featured_media":0,"parent":0,"menu_order":0,"comment_status":"closed","ping_status":"closed","template":"","meta":{"footnotes":""},"class_list":["post-16","page","type-page","status-publish","hentry"],"_links":{"self":[{"href":"https:\/\/norwexfoundation.org\/fr-ca\/wp-json\/wp\/v2\/pages\/16","targetHints":{"allow":["GET"]}}],"collection":[{"href":"https:\/\/norwexfoundation.org\/fr-ca\/wp-json\/wp\/v2\/pages"}],"about":[{"href":"https:\/\/norwexfoundation.org\/fr-ca\/wp-json\/wp\/v2\/types\/page"}],"author":[{"embeddable":true,"href":"https:\/\/norwexfoundation.org\/fr-ca\/wp-json\/wp\/v2\/users\/3"}],"replies":[{"embeddable":true,"href":"https:\/\/norwexfoundation.org\/fr-ca\/wp-json\/wp\/v2\/comments?post=16"}],"version-history":[{"count":8,"href":"https:\/\/norwexfoundation.org\/fr-ca\/wp-json\/wp\/v2\/pages\/16\/revisions"}],"predecessor-version":[{"id":101,"href":"https:\/\/norwexfoundation.org\/fr-ca\/wp-json\/wp\/v2\/pages\/16\/revisions\/101"}],"wp:attachment":[{"href":"https:\/\/norwexfoundation.org\/fr-ca\/wp-json\/wp\/v2\/media?parent=16"}],"curies":[{"name":"wp","href":"https:\/\/api.w.org\/{rel}","templated":true}]}}